{"id":23,"date":"2016-04-08T20:30:59","date_gmt":"2016-04-08T20:30:59","guid":{"rendered":"http:\/\/asfin.com.co\/?page_id=23"},"modified":"2016-04-08T20:33:56","modified_gmt":"2016-04-08T20:33:56","slug":"nosotros","status":"publish","type":"page","link":"https:\/\/asfin.com.co\/","title":{"rendered":"NOSOTROS"},"content":{"rendered":"<p><img decoding=\"async\" loading=\"lazy\" class=\"size-full wp-image-25 alignright\" src=\"https:\/\/asfin.com.co\/wp-content\/uploads\/2016\/04\/LOGO-1-1.jpg\" alt=\"\" width=\"223\" height=\"155\" \/><\/p>\n<p>ASFIN CAPITAL S.A.S es una firma de contadores p\u00fablicos y consultores, enfocada en las \u00e1reas de administraci\u00f3n, contadur\u00eda, y estructuraci\u00f3n de proyectos con actitud emprendedora, y alto grado de compromiso,<\/p>\n<p>El personal de ASFIN CAPITAL S.A.S constituye nuestro principal activo, se caracteriza por su dedicaci\u00f3n a responder satisfactoriamente a las necesidades de nuestros clientes de manera oportuna.<\/p>\n","protected":false},"excerpt":{"rendered":"<p>ASFIN CAPITAL S.A.S es una firma de contadores p\u00fablicos y consultores, enfocada en las \u00e1reas de administraci\u00f3n, contadur\u00eda, y estructuraci\u00f3n de proyectos con actitud emprendedora, y alto grado de compromiso, El personal de ASFIN CAPITAL S.A.S constituye nuestro principal activo, se caracteriza por su dedicaci\u00f3n a responder satisfactoriamente a las necesidades de nuestros clientes de &hellip; <a href=\"https:\/\/asfin.com.co\/\" class=\"more-link\">Seguir leyendo <span class=\"screen-reader-text\">NOSOTROS<\/span> <span class=\"meta-nav\">&rarr;<\/span><\/a><\/p>\n","protected":false},"author":1,"featured_media":0,"parent":0,"menu_order":1,"comment_status":"closed","ping_status":"closed","template":"","meta":[],"_links":{"self":[{"href":"https:\/\/asfin.com.co\/index.php?rest_route=\/wp\/v2\/pages\/23"}],"collection":[{"href":"https:\/\/asfin.com.co\/index.php?rest_route=\/wp\/v2\/pages"}],"about":[{"href":"https:\/\/asfin.com.co\/index.php?rest_route=\/wp\/v2\/types\/page"}],"author":[{"embeddable":true,"href":"https:\/\/asfin.com.co\/index.php?rest_route=\/wp\/v2\/users\/1"}],"replies":[{"embeddable":true,"href":"https:\/\/asfin.com.co\/index.php?rest_route=%2Fwp%2Fv2%2Fcomments&post=23"}],"version-history":[{"count":2,"href":"https:\/\/asfin.com.co\/index.php?rest_route=\/wp\/v2\/pages\/23\/revisions"}],"predecessor-version":[{"id":28,"href":"https:\/\/asfin.com.co\/index.php?rest_route=\/wp\/v2\/pages\/23\/revisions\/28"}],"wp:attachment":[{"href":"https:\/\/asfin.com.co\/index.php?rest_route=%2Fwp%2Fv2%2Fmedia&parent=23"}],"curies":[{"name":"wp","href":"https:\/\/api.w.org\/{rel}","templated":true}]}}